{"id":5,"date":"2020-08-19T07:20:18","date_gmt":"2020-08-19T07:20:18","guid":{"rendered":"http:\/\/arongalanton.ro\/?page_id=5"},"modified":"2023-08-15T12:06:08","modified_gmt":"2023-08-15T12:06:08","slug":"home","status":"publish","type":"page","link":"http:\/\/arongalanton.ro\/en\/","title":{"rendered":"ACASA"},"content":{"rendered":"<p><img width=\"236\" height=\"142\" src=\"http:\/\/arongalanton.ro\/wp-content\/uploads\/2021\/05\/icon-1-1-en.png\" alt=\"\" loading=\"lazy\" \/><br \/>\n\t\t\t\t\t\t\t\t\t\t\t\t<img width=\"236\" height=\"142\" src=\"http:\/\/arongalanton.ro\/wp-content\/uploads\/2021\/05\/icon-1-2-en.png\" alt=\"\" loading=\"lazy\" \/><br \/>\n\t\t\t\t\t\t\t\t\t\t\t\t<img width=\"236\" height=\"142\" src=\"http:\/\/arongalanton.ro\/wp-content\/uploads\/2021\/05\/icon-1-3-en.png\" alt=\"\" loading=\"lazy\" \/>\t\t\t\t\t\t\t\t\t\t\t\t\t\t<\/p>\n<h2>Qual \u00e8 il miglior casin\u00f2 online Admiralyes con denaro reale?<\/h2>\n<p>Il miglior casin\u00f2 online per soldi veri pu\u00f2 variare a seconda del tipo di gioco che preferite e delle caratteristiche che ritenete importanti. Se state cercando un casin\u00f2 online con admiralyes <a href=\"https:\/\/pantip.com\/profile\/7461521\">https:\/\/pantip.com\/profile\/7461521<\/a> offerte di bonus e promozioni imbattibili, allora non cercate oltre Admiralyes Casino. Con la sua enorme selezione di giochi, i generosi bonus e gli incentivi promozionali, Admiralyes Casino \u00e8 uno dei migliori siti per il gioco con denaro reale.<\/p>\n<p>\t\t\t\t\t\t\t\t\t\t\t\t<img width=\"548\" height=\"415\" src=\"http:\/\/arongalanton.ro\/wp-content\/uploads\/2020\/10\/Mihaela-home.png\" alt=\"\" loading=\"lazy\" srcset=\"https:\/\/arongalanton.ro\/wp-content\/uploads\/2020\/10\/Mihaela-home.png 548w, https:\/\/arongalanton.ro\/wp-content\/uploads\/2020\/10\/Mihaela-home-300x227.png 300w\" sizes=\"(max-width: 548px) 100vw, 548px\" \/>\t\t\t\t\t\t\t\t\t\t\t\t\t\t<\/p>\n<h4><a href=\"https:\/\/arongalanton.ro\/en\/despre-noi\/#MihaelaGalanton\">LAWYER DR. MIHAELA GALANTON<\/a><\/h4>\n<p>She graduated with a diploma of merit from the Faculty of Law, Babe\u0219-Bolyai University of Cluj-Napoca. The second bachelor&#8217;s degree was from the Faculty of Commerce, Academy of Economic Studies, Bucharest. Dr. Mihaela Galanton is an arbitrator of the Court of Arbitration attached to the Timi\u0219 Chamber of Commerce, Industry and Agriculture.<\/p>\n<p>\t\t\t\t\t\t\t\t\t\t\t\t<img width=\"548\" height=\"415\" src=\"http:\/\/arongalanton.ro\/wp-content\/uploads\/2020\/10\/aron-home.png\" alt=\"\" loading=\"lazy\" srcset=\"https:\/\/arongalanton.ro\/wp-content\/uploads\/2020\/10\/aron-home.png 548w, https:\/\/arongalanton.ro\/wp-content\/uploads\/2020\/10\/aron-home-300x227.png 300w\" sizes=\"(max-width: 548px) 100vw, 548px\" \/>\t\t\t\t\t\t\t\t\t\t\t\t\t\t<\/p>\n<h4><a href=\"https:\/\/arongalanton.ro\/en\/despre-noi\/#IvanAron\">LAWYER DR. IVAN MIRCEA ARON<\/a><\/h4>\n<p>He graduated from the Faculty of Law, Babes Bolyai University of Cluj. He has been a lawyer in Arad \/Timi\u0219 Bar since 1974 and a Doctor of Law since 1997, specialising in international trade law. He founded the company \u201cAron, Galanton &amp; Associates\u201d in 2002, together with Dr. Mihaela Galanton, lawyer in the Timis Bar.<\/p>\n<h2>ABOUT US<a style=\"text-decoration:none; color: black;\"a href=\"https:\/\/arongalanton.ro\/onlinecasinoaussie-com-conducts-investigation-upon-the-varieties-and-perks-of-the-promotions-within-internet-casinos-in-aussie-land\/\"\/>.<\/a><\/h2>\n<p>\t\tARON, GALANTON &amp; ASSOCIATES is one of the most dinamic law firms from the west side of Romania. Right from the beginning, since 2002, the team has continuously developed into a competent and creative team, offering complete and innovative solutions to their clients. The team is formed by lawyers with extensive professional experience, as well as external collaborators who offer specialized support in a wide range of specific fields and projects.<br \/>\n<a style=\"display:none;\" href=\"https:\/\/139.59.222.141\/\">live draw hk<\/a><br \/>\n<a style=\"display:none;\" href=\"https:\/\/admin-riki.my.id\/\">slot<\/a><br \/>\n<a style=\"display:none;\" href=\"http:\/\/sijari.pusdataru.jatengprov.go.id\/file\/akun-pro-thailand\/\">akun pro thailand<\/a><br \/>\n<a style=\"display:none;\" href=\"https:\/\/silalap-esdm.bengkuluprov.go.id\/-\/slot-gacor\/\">slot gacor<\/a><br \/>\n<a style=\"display:none;\" href=\"https:\/\/silalap-esdm.bengkuluprov.go.id\/-\/slot-demo\/\">slot demo<\/a><br \/>\n<a style=\"display:none;\" href=\"https:\/\/live-drawhk.powerappsportals.com\/\">live draw hk<\/a><br \/>\n<a style=\"display:none;\" href=\"http:\/\/live-drawsgp.powerappsportals.com\/\">live draw sgp<\/a><br \/>\n<a style=\"display:none;\" href=\"https:\/\/live-drawmacau.powerappsportals.com\/\">live draw macau<\/a><br \/>\n<a style=\"display:none;\" href=\"https:\/\/live-drawsdy.powerappsportals.com\/\">live draw sdy<\/a><br \/>\n<a style=\"display:none;\" href=\"https:\/\/togelshio2023.powerappsportals.com\/\">togel shio<\/a><br \/>\n<a style=\"display:none;\" href=\"https:\/\/situs-paito-hk.powerappsportals.com\/\">paito hk<\/a><br \/>\n<a style=\"display:none;\" href=\"https:\/\/sbobet-judibola.powerappsportals.com\/\">sbobet<\/a><br \/>\n<a style=\"display:none;\" href=\"https:\/\/situs-livecasino.powerappsportals.com\/\">live casino<\/a><br \/>\n<a style=\"display:none;\" href=\"https:\/\/daftarslot-138.powerappsportals.com\/\">daftar slot 138<\/a><br \/>\n<a style=\"display:none;\" href=\"https:\/\/slotdana138.powerappsportals.com\/\">slot dana 138<\/a><br \/>\n<a style=\"display:none;\" href=\"https:\/\/slotmaxwin777.powerappsportals.com\/\">slot maxwin<\/a><br \/>\n<a style=\"display:none;\" href=\"https:\/\/akunorangdalam.powerappsportals.com\/\">akun orang dalam<\/a><br \/>\n\t\t\t\t\t\t\t\t\t\t\t\t<img width=\"688\" height=\"521\" src=\"http:\/\/arongalanton.ro\/wp-content\/uploads\/2021\/05\/Permanent-commitment-to-excellence-20-768x582.jpg\" alt=\"\" loading=\"lazy\" srcset=\"https:\/\/arongalanton.ro\/wp-content\/uploads\/2021\/05\/Permanent-commitment-to-excellence-20-768x582.jpg 768w, https:\/\/arongalanton.ro\/wp-content\/uploads\/2021\/05\/Permanent-commitment-to-excellence-20-300x227.jpg 300w, https:\/\/arongalanton.ro\/wp-content\/uploads\/2021\/05\/Permanent-commitment-to-excellence-20-1024x776.jpg 1024w, https:\/\/arongalanton.ro\/wp-content\/uploads\/2021\/05\/Permanent-commitment-to-excellence-20.jpg 1142w\" sizes=\"(max-width: 688px) 100vw, 688px\" \/><br \/>\n\t\t\t\t\t\t\t\t\t\t\t\t<img width=\"500\" height=\"500\" src=\"http:\/\/arongalanton.ro\/wp-content\/uploads\/2020\/08\/banner-home-1.png\" alt=\"\" loading=\"lazy\" srcset=\"https:\/\/arongalanton.ro\/wp-content\/uploads\/2020\/08\/banner-home-1.png 500w, https:\/\/arongalanton.ro\/wp-content\/uploads\/2020\/08\/banner-home-1-300x300.png 300w, https:\/\/arongalanton.ro\/wp-content\/uploads\/2020\/08\/banner-home-1-150x150.png 150w\" sizes=\"(max-width: 500px) 100vw, 500px\" \/>\t\t\t\t\t\t\t\t\t\t\t\t\t\t<\/p>\n<h2>DESPRE NOI<\/h2>\n<p>ARON, GALANTON &amp; ASOCIA\u021aII este una dintre cele mai dinamice firme de avocatur\u0103 din zona de vest a Rom\u00e2niei. De la \u00eenfiin\u021barea societ\u0103\u021bii, \u00een anul 2002, s-a dezvoltat continuu pentru a ajunge s\u0103 fie o echip\u0103 competent\u0103 \u0219i creativ\u0103, care ofer\u0103 clien\u021bilor solu\u021bii juridice complete \u0219i inovatoare. Echipa cuprinde avoca\u021bi cu vast\u0103 experien\u021b\u0103 profesional\u0103, precum \u0219i colaboratori externi care ofer\u0103 suport de specialitate \u00eentr-o gam\u0103 larg\u0103 de domenii \u0219i proiecte specifice.<\/p>\n<p>ARON, GALANTON &amp; ASSOCIATES ensure a level of expertise that rises to the highest standards. During its 18 years of existence, the company has provided consulting, assistance and legal representation services for international companies, as well as for domestic companies, both public and private. The principles underlying ARON, GALANTON and ASSOCIATES are the quality of services provided, respect for the moral values of loyalty and integrity in the practice of the legal profession, as well as alignment with clients&#8217; objectives.<\/p>\n<h3>CORPORATE &#038; M&#038;A<\/h3>\n<p>The company offers a wide range of corporate and business legal services for all types of companies, private or public, on a wide range of national and international corporate issues.<\/p>\n<p>\t\t\t<a href=\"https:\/\/arongalanton.ro\/en\/arii-de-practica#corporate-si-ma\" role=\"button\"><br \/>\n\t\t\t\t\t\tMORE<br \/>\n\t\t\t\t\t<\/a><\/p>\n<h3>TAXES\/ PUBLIC PROCUREMENT<\/h3>\n<p>The peculiarities of the Romanian fiscal system require the permanent consultation of some experts, which the company has constantly offered to its clients. It works for both corporate and individual customers. <\/p>\n<p>\t\t\t<a href=\"https:\/\/arongalanton.ro\/en\/arii-de-practica#impozite-fiscalitate\" role=\"button\"><br \/>\n\t\t\t\t\t\tMORE<br \/>\n\t\t\t\t\t<\/a><\/p>\n<h3>CIVIL LAW\/ REAL ESTATE LAW AND URBANISM <\/h3>\n<p>The company has extensive experience in advising clients for complex planning of real estate investments, but also in consulting for all types of projects and real estate transactions.<\/p>\n<p>\t\t\t<a href=\"https:\/\/arongalanton.ro\/en\/arii-de-practica#imobiliare-si-constructii\" role=\"button\"><br \/>\n\t\t\t\t\t\tMORE<br \/>\n\t\t\t\t\t<\/a><\/p>\n<h3>LABOR LAW <\/h3>\n<p>The specialized team provides advice on all aspects related to labor law, for the entire cycle of labor relations, both for contentious and non-contentious issues.<\/p>\n<p>\t\t\t<a href=\"https:\/\/arongalanton.ro\/en\/arii-de-practica#dreptul-muncii\" role=\"button\"><br \/>\n\t\t\t\t\t\tMORE<br \/>\n\t\t\t\t\t<\/a><\/p>\n<h2>CONTACT US!<\/h2>\n<div role=\"form\" class=\"wpcf7\" id=\"wpcf7-f768-o1\" lang=\"ro-RO\" dir=\"ltr\">\n<div class=\"screen-reader-response\"><p role=\"status\" aria-live=\"polite\" aria-atomic=\"true\"><\/p> <ul><\/ul><\/div>\n<form action=\"\/en\/wp-json\/wp\/v2\/pages\/5#wpcf7-f768-o1\" method=\"post\" class=\"wpcf7-form init\" novalidate=\"novalidate\" data-status=\"init\">\n<div style=\"display: none;\">\n<input type=\"hidden\" name=\"_wpcf7\" value=\"768\" \/>\n<input type=\"hidden\" name=\"_wpcf7_version\" value=\"5.4.1\" \/>\n<input type=\"hidden\" name=\"_wpcf7_locale\" value=\"ro_RO\" \/>\n<input type=\"hidden\" name=\"_wpcf7_unit_tag\" value=\"wpcf7-f768-o1\" \/>\n<input type=\"hidden\" name=\"_wpcf7_container_post\" value=\"0\" \/>\n<input type=\"hidden\" name=\"_wpcf7_posted_data_hash\" value=\"\" \/>\n<\/div>\n<p><label><span class=\"wpcf7-form-control-wrap nume-701\"><input type=\"text\" name=\"nume-701\" value=\"Your name (required)\" size=\"40\" class=\"wpcf7-form-control wpcf7-text wpcf7-validates-as-required\" id=\"contact-pagina-nume\" aria-required=\"true\" aria-invalid=\"false\" \/><\/span><\/label><br \/>\n<label><span class=\"wpcf7-form-control-wrap email-496\"><input type=\"email\" name=\"email-496\" value=\"Your email (required)\" size=\"40\" class=\"wpcf7-form-control wpcf7-text wpcf7-email wpcf7-validates-as-required wpcf7-validates-as-email\" id=\"contact-pagina-nume\" aria-required=\"true\" aria-invalid=\"false\" \/><\/span> <\/label><br \/>\n<label><span class=\"wpcf7-form-control-wrap your-subject\"><input type=\"text\" name=\"your-subject\" value=\"Subject\" size=\"40\" class=\"wpcf7-form-control wpcf7-text\" id=\"contact-pagina-nume\" aria-invalid=\"false\" \/><\/span> <\/label><br \/>\n<label><span class=\"wpcf7-form-control-wrap your-message\"><textarea name=\"your-message\" cols=\"40\" rows=\"10\" class=\"wpcf7-form-control wpcf7-textarea wpcf7-validates-as-required\" id=\"contact-pagina-nume\" aria-required=\"true\" aria-invalid=\"false\">Your message<\/textarea><\/span> <\/label><br \/>\n<input type=\"submit\" value=\"Send\" class=\"wpcf7-form-control wpcf7-submit\" id=\"buton-rotunjit\" \/><\/p>\n<div class=\"wpcf7-response-output\" aria-hidden=\"true\"><\/div><\/form><\/div>\n<h2>CONTACT US!<\/h2>\n<div role=\"form\" class=\"wpcf7\" id=\"wpcf7-f768-o2\" lang=\"ro-RO\" dir=\"ltr\">\n<div class=\"screen-reader-response\"><p role=\"status\" aria-live=\"polite\" aria-atomic=\"true\"><\/p> <ul><\/ul><\/div>\n<form action=\"\/en\/wp-json\/wp\/v2\/pages\/5#wpcf7-f768-o2\" method=\"post\" class=\"wpcf7-form init\" novalidate=\"novalidate\" data-status=\"init\">\n<div style=\"display: none;\">\n<input type=\"hidden\" name=\"_wpcf7\" value=\"768\" \/>\n<input type=\"hidden\" name=\"_wpcf7_version\" value=\"5.4.1\" \/>\n<input type=\"hidden\" name=\"_wpcf7_locale\" value=\"ro_RO\" \/>\n<input type=\"hidden\" name=\"_wpcf7_unit_tag\" value=\"wpcf7-f768-o2\" \/>\n<input type=\"hidden\" name=\"_wpcf7_container_post\" value=\"0\" \/>\n<input type=\"hidden\" name=\"_wpcf7_posted_data_hash\" value=\"\" \/>\n<\/div>\n<p><label><span class=\"wpcf7-form-control-wrap nume-701\"><input type=\"text\" name=\"nume-701\" value=\"Your name (required)\" size=\"40\" class=\"wpcf7-form-control wpcf7-text wpcf7-validates-as-required\" id=\"contact-pagina-nume\" aria-required=\"true\" aria-invalid=\"false\" \/><\/span><\/label><br \/>\n<label><span class=\"wpcf7-form-control-wrap email-496\"><input type=\"email\" name=\"email-496\" value=\"Your email (required)\" size=\"40\" class=\"wpcf7-form-control wpcf7-text wpcf7-email wpcf7-validates-as-required wpcf7-validates-as-email\" id=\"contact-pagina-nume\" aria-required=\"true\" aria-invalid=\"false\" \/><\/span> <\/label><br \/>\n<label><span class=\"wpcf7-form-control-wrap your-subject\"><input type=\"text\" name=\"your-subject\" value=\"Subject\" size=\"40\" class=\"wpcf7-form-control wpcf7-text\" id=\"contact-pagina-nume\" aria-invalid=\"false\" \/><\/span> <\/label><br \/>\n<label><span class=\"wpcf7-form-control-wrap your-message\"><textarea name=\"your-message\" cols=\"40\" rows=\"10\" class=\"wpcf7-form-control wpcf7-textarea wpcf7-validates-as-required\" id=\"contact-pagina-nume\" aria-required=\"true\" aria-invalid=\"false\">Your message<\/textarea><\/span> <\/label><br \/>\n<input type=\"submit\" value=\"Send\" class=\"wpcf7-form-control wpcf7-submit\" id=\"buton-rotunjit\" \/><\/p>\n<div class=\"wpcf7-response-output\" aria-hidden=\"true\"><\/div><\/form><\/div>\n<h4>&#8211; OUR PARTNERS &#8211;<\/h4>\n<p>\t\t\t\t\t\t\t\t\t\t\t\t<img width=\"200\" height=\"100\" src=\"http:\/\/arongalanton.ro\/wp-content\/uploads\/2020\/10\/p-and-g.jpg\" alt=\"\" loading=\"lazy\" \/><br \/>\n\t\t\t\t\t\t\t\t\t\t\t\t<img width=\"200\" height=\"100\" src=\"http:\/\/arongalanton.ro\/wp-content\/uploads\/2020\/10\/omv.jpg\" alt=\"\" loading=\"lazy\" \/><br \/>\n\t\t\t\t\t\t\t\t\t\t\t\t<img width=\"200\" height=\"100\" src=\"http:\/\/arongalanton.ro\/wp-content\/uploads\/2020\/10\/K-and-S.jpg\" alt=\"\" loading=\"lazy\" \/><br \/>\n\t\t\t\t\t\t\t\t\t\t\t\t<img width=\"200\" height=\"100\" src=\"http:\/\/arongalanton.ro\/wp-content\/uploads\/2020\/10\/hawle.png\" alt=\"\" loading=\"lazy\" \/><br \/>\n\t\t\t\t\t\t\t\t\t\t\t\t<img width=\"200\" height=\"100\" src=\"http:\/\/arongalanton.ro\/wp-content\/uploads\/2020\/10\/frigoglas.jpg\" alt=\"\" loading=\"lazy\" \/>\t\t\t\t\t\t\t\t\t\t\t\t\t\t<\/p>\n<h4>&#8211; AWARDS &#8211;<\/h4>\n<p>\t\t\t\t\t\t\t\t\t\t\t\t\t<a href=\"https:\/\/www.legalmarketing.ro\/\"><br \/>\n\t\t\t\t\t\t\t<img width=\"220\" height=\"121\" src=\"http:\/\/arongalanton.ro\/wp-content\/uploads\/2020\/09\/Logo-Vectorial-Romania-Legal-Awards-alb.png\" alt=\"\" loading=\"lazy\" \/>\t\t\t\t\t\t\t\t<\/a><br \/>\n\t\t\t\t\t\t\t\t\t\t\t\t\t<a href=\"https:\/\/www.legalmarketing.ro\/\"><br \/>\n\t\t\t\t\t\t\t<img width=\"150\" height=\"150\" src=\"http:\/\/arongalanton.ro\/wp-content\/uploads\/2020\/09\/winner-2019-alb-150x150.png\" alt=\"\" loading=\"lazy\" srcset=\"https:\/\/arongalanton.ro\/wp-content\/uploads\/2020\/09\/winner-2019-alb-150x150.png 150w, https:\/\/arongalanton.ro\/wp-content\/uploads\/2020\/09\/winner-2019-alb-300x300.png 300w, https:\/\/arongalanton.ro\/wp-content\/uploads\/2020\/09\/winner-2019-alb.png 500w\" sizes=\"(max-width: 150px) 100vw, 150px\" \/>\t\t\t\t\t\t\t\t<\/a><br \/>\n\t\t\tAi pasiune pentru sport \u0219i pariere? Descoper\u0103 <a href=\"http:\/\/excelbet.net\">Excelbet<\/a>, cel mai bun partener de pariere pentru tine!<br \/>\n\t\t\tEnhance your betting game with <a href=\"http:\/\/smart-bet.org\">Smart Bet<\/a>, the ultimate tool for strategic gamblers.<br \/>\nDescoper\u0103 senza\u021bia jocului total cu <a href=\"https:\/\/total-bet.vip\/\">TotalBet<\/a>!<br \/>\n\t\t\tIntroducing <a href=\"http:\/\/excelbet.net\">Excelbet<\/a>, the ultimate betting platform that takes your gambling experience to new heights!<br \/>\n\t\t\tEnhance your betting game with <a href=\"http:\/\/smart-bet.org\">Smart Bet<\/a>, the ultimate tool for strategic gamblers.<\/p>\n","protected":false},"excerpt":{"rendered":"<p>Qual \u00e8 il miglior casin\u00f2 online Admiralyes con denaro reale? Il miglior casin\u00f2 online per soldi veri pu\u00f2 variare a&hellip;<\/p>\n","protected":false},"author":1,"featured_media":0,"parent":0,"menu_order":0,"comment_status":"closed","ping_status":"closed","template":"elementor_header_footer","meta":[],"translation":{"provider":"WPGlobus","version":"2.7.3","language":"en","enabled_languages":["ro","en"],"languages":{"ro":{"title":true,"content":true,"excerpt":false},"en":{"title":true,"content":true,"excerpt":false}}},"_links":{"self":[{"href":"http:\/\/arongalanton.ro\/en\/wp-json\/wp\/v2\/pages\/5"}],"collection":[{"href":"http:\/\/arongalanton.ro\/en\/wp-json\/wp\/v2\/pages"}],"about":[{"href":"http:\/\/arongalanton.ro\/en\/wp-json\/wp\/v2\/types\/page"}],"author":[{"embeddable":true,"href":"http:\/\/arongalanton.ro\/en\/wp-json\/wp\/v2\/users\/1"}],"replies":[{"embeddable":true,"href":"http:\/\/arongalanton.ro\/en\/wp-json\/wp\/v2\/comments?post=5"}],"version-history":[{"count":80,"href":"http:\/\/arongalanton.ro\/en\/wp-json\/wp\/v2\/pages\/5\/revisions"}],"predecessor-version":[{"id":10565,"href":"http:\/\/arongalanton.ro\/en\/wp-json\/wp\/v2\/pages\/5\/revisions\/10565"}],"wp:attachment":[{"href":"http:\/\/arongalanton.ro\/en\/wp-json\/wp\/v2\/media?parent=5"}],"curies":[{"name":"wp","href":"https:\/\/api.w.org\/{rel}","templated":true}]}}