{"id":19,"date":"2020-08-19T07:57:33","date_gmt":"2020-08-19T07:57:33","guid":{"rendered":"http:\/\/arongalanton.ro\/?page_id=19"},"modified":"2024-01-09T09:58:13","modified_gmt":"2024-01-09T09:58:13","slug":"despre-noi","status":"publish","type":"page","link":"http:\/\/arongalanton.ro\/en\/despre-noi\/","title":{"rendered":"About Us"},"content":{"rendered":"<p>Our legal services cover the full spectrum of business activity and litigation. The company is recognized as a leader in the western law market in the fields of commercial, civil, administrative and tax litigation, litigation and arbitration, public procurement contracts and contracts financed by European funds, competition law and European law. Other areas of expertise include labor law, real estate assistance and insolvency proceedings.<\/p>\n<p>\t\t\t\t\t\t\t\t\t\t\t\t<img width=\"688\" height=\"521\" src=\"http:\/\/arongalanton.ro\/wp-content\/uploads\/2021\/05\/market-leader.jpg\" alt=\"\" loading=\"lazy\" srcset=\"https:\/\/arongalanton.ro\/wp-content\/uploads\/2021\/05\/market-leader.jpg 800w, https:\/\/arongalanton.ro\/wp-content\/uploads\/2021\/05\/market-leader-300x227.jpg 300w, https:\/\/arongalanton.ro\/wp-content\/uploads\/2021\/05\/market-leader-768x582.jpg 768w\" sizes=\"(max-width: 688px) 100vw, 688px\" \/><br \/>\n\t\t\t\t\t\t\t\t\t\t\t\t<img width=\"688\" height=\"521\" src=\"http:\/\/arongalanton.ro\/wp-content\/uploads\/2021\/05\/specific-strategies.jpg\" alt=\"\" loading=\"lazy\" srcset=\"https:\/\/arongalanton.ro\/wp-content\/uploads\/2021\/05\/specific-strategies.jpg 800w, https:\/\/arongalanton.ro\/wp-content\/uploads\/2021\/05\/specific-strategies-300x227.jpg 300w, https:\/\/arongalanton.ro\/wp-content\/uploads\/2021\/05\/specific-strategies-768x582.jpg 768w\" sizes=\"(max-width: 688px) 100vw, 688px\" \/>\t\t\t\t\t\t\t\t\t\t\t\t\t\t<\/p>\n<p>At the heart of the litigation team&#8217;s reputation is its ongoing commitment to excellence. The identification and implementation of specific strategies for each client led to a substantial balance of cases won in litigation, as well as in any other alternative dispute resolution procedures.<\/p>\n<h2>OUR LAWYERS<\/h2>\n<p>\t\t\t\t\t\t\t\t\t\t\t\t\t<a href=\"https:\/\/arongalanton.ro\/en\/despre-noi#IvanAron\"><br \/>\n\t\t\t\t\t\t\t<img width=\"304\" height=\"355\" src=\"http:\/\/arongalanton.ro\/wp-content\/uploads\/2021\/05\/Aron.jpg\" alt=\"\" loading=\"lazy\" srcset=\"https:\/\/arongalanton.ro\/wp-content\/uploads\/2021\/05\/Aron.jpg 304w, https:\/\/arongalanton.ro\/wp-content\/uploads\/2021\/05\/Aron-257x300.jpg 257w\" sizes=\"(max-width: 304px) 100vw, 304px\" \/>\t\t\t\t\t\t\t\t<\/a><\/p>\n<h4><a href=\"https:\/\/arongalanton.ro\/en\/despre-noi#MihaelaGalanton\">LAWYER DR. Ivan Mircea ARON <\/a><\/h4>\n<p>Partner<\/p>\n<p>\t\t\t\t\t\t\t\t\t\t\t\t\t<a href=\"https:\/\/arongalanton.ro\/en\/despre-noi#MihaelaGalanton\"><br \/>\n\t\t\t\t\t\t\t<img width=\"304\" height=\"355\" src=\"http:\/\/arongalanton.ro\/wp-content\/uploads\/2021\/05\/Galanton-1.jpg\" alt=\"\" loading=\"lazy\" srcset=\"https:\/\/arongalanton.ro\/wp-content\/uploads\/2021\/05\/Galanton-1.jpg 304w, https:\/\/arongalanton.ro\/wp-content\/uploads\/2021\/05\/Galanton-1-257x300.jpg 257w\" sizes=\"(max-width: 304px) 100vw, 304px\" \/>\t\t\t\t\t\t\t\t<\/a><\/p>\n<h4><a href=\"https:\/\/arongalanton.ro\/en\/despre-noi#MihaelaGalanton\">LAWYER DR. Mihaela GALANTON<\/a><\/h4>\n<p>Partner<\/p>\n<p>\t\t\t\t\t\t\t\t\t\t\t\t\t<a href=\"https:\/\/arongalanton.ro\/en\/despre-noi#RalucaOlteanu\"><br \/>\n\t\t\t\t\t\t\t<img width=\"304\" height=\"355\" src=\"http:\/\/arongalanton.ro\/wp-content\/uploads\/2021\/05\/Raluca-Olteanu-Carusel.jpg\" alt=\"\" loading=\"lazy\" srcset=\"https:\/\/arongalanton.ro\/wp-content\/uploads\/2021\/05\/Raluca-Olteanu-Carusel.jpg 304w, https:\/\/arongalanton.ro\/wp-content\/uploads\/2021\/05\/Raluca-Olteanu-Carusel-257x300.jpg 257w\" sizes=\"(max-width: 304px) 100vw, 304px\" \/>\t\t\t\t\t\t\t\t<\/a><\/p>\n<h4><a href=\"https:\/\/arongalanton.ro\/en\/despre-noi#RalucaOlteanu\">LAWYER Raluca OLTEANU <\/a><\/h4>\n<p>Lawyer<\/p>\n<p>\t\t\t\t\t\t\t\t\t\t\t\t\t<a href=\"https:\/\/arongalanton.ro\/en\/despre-noi#AdrianaSiniteanu\"><br \/>\n\t\t\t\t\t\t\t<img width=\"304\" height=\"355\" src=\"http:\/\/arongalanton.ro\/wp-content\/uploads\/2021\/05\/Adriana-Siniteanu-carusel.jpg\" alt=\"\" loading=\"lazy\" srcset=\"https:\/\/arongalanton.ro\/wp-content\/uploads\/2021\/05\/Adriana-Siniteanu-carusel.jpg 304w, https:\/\/arongalanton.ro\/wp-content\/uploads\/2021\/05\/Adriana-Siniteanu-carusel-257x300.jpg 257w\" sizes=\"(max-width: 304px) 100vw, 304px\" \/>\t\t\t\t\t\t\t\t<\/a><\/p>\n<h4><a href=\"https:\/\/arongalanton.ro\/en\/despre-noi#IvanAron\">LAWYER ADRIANA SINITEANU<\/a><\/h4>\n<p>Partner<\/p>\n<p>\t\t\t\t\t\t\t\t\t\t\t\t\t<a href=\"https:\/\/arongalanton.ro\/en\/despre-noi#MirceaTarchila\"><br \/>\n\t\t\t\t\t\t\t<img width=\"304\" height=\"355\" src=\"http:\/\/arongalanton.ro\/wp-content\/uploads\/2021\/05\/Mircea-Tarchila-carusel.jpg\" alt=\"\" loading=\"lazy\" srcset=\"https:\/\/arongalanton.ro\/wp-content\/uploads\/2021\/05\/Mircea-Tarchila-carusel.jpg 304w, https:\/\/arongalanton.ro\/wp-content\/uploads\/2021\/05\/Mircea-Tarchila-carusel-257x300.jpg 257w\" sizes=\"(max-width: 304px) 100vw, 304px\" \/>\t\t\t\t\t\t\t\t<\/a><\/p>\n<h4><a href=\"https:\/\/arongalanton.ro\/en\/despre-noi#MirceaTarchila\">LAWYER DRD. MIRCEA T\u0102RCHIL\u0102<\/a><\/h4>\n<p>Partner<\/p>\n<p>\t\t\t\t\t\t\t\t\t\t\t\t\t<a href=\"https:\/\/arongalanton.ro\/en\/despre-noi#RamonaPetolea\"><br \/>\n\t\t\t\t\t\t\t<img width=\"304\" height=\"355\" src=\"http:\/\/arongalanton.ro\/wp-content\/uploads\/2021\/05\/Raluca-Petolea-carusel.jpg\" alt=\"\" loading=\"lazy\" srcset=\"https:\/\/arongalanton.ro\/wp-content\/uploads\/2021\/05\/Raluca-Petolea-carusel.jpg 304w, https:\/\/arongalanton.ro\/wp-content\/uploads\/2021\/05\/Raluca-Petolea-carusel-257x300.jpg 257w\" sizes=\"(max-width: 304px) 100vw, 304px\" \/>\t\t\t\t\t\t\t\t<\/a><\/p>\n<h4><a href=\"https:\/\/arongalanton.ro\/en\/despre-noi#RamonaPetolea\">LAWYER RAMONA ALINA PETOLEA<\/a><\/h4>\n<p>Collaborating Lawyer<\/p>\n<p>\t\t\t\t\t\t\t\t\t\t\t\t\t<a href=\"https:\/\/arongalanton.ro\/en\/despre-noi#RoxanaMurariu\"><br \/>\n\t\t\t\t\t\t\t<img width=\"304\" height=\"355\" src=\"http:\/\/arongalanton.ro\/wp-content\/uploads\/2022\/07\/Roxana-Murariu-carusel.jpg\" alt=\"\" loading=\"lazy\" srcset=\"https:\/\/arongalanton.ro\/wp-content\/uploads\/2022\/07\/Roxana-Murariu-carusel.jpg 304w, https:\/\/arongalanton.ro\/wp-content\/uploads\/2022\/07\/Roxana-Murariu-carusel-257x300.jpg 257w\" sizes=\"(max-width: 304px) 100vw, 304px\" \/>\t\t\t\t\t\t\t\t<\/a><\/p>\n<h4><a href=\"https:\/\/arongalanton.ro\/en\/despre-noi#RoxanaMurariu\">LAWYER ROXANA MURARIU<\/a><\/h4>\n<p>Collaborating Lawyer<\/p>\n<p>\t\t\t\t\t\t\t\t\t\t\t\t<img width=\"300\" height=\"300\" src=\"http:\/\/arongalanton.ro\/wp-content\/uploads\/2021\/05\/Aron-a.jpg\" alt=\"\" loading=\"lazy\" srcset=\"https:\/\/arongalanton.ro\/wp-content\/uploads\/2021\/05\/Aron-a.jpg 300w, https:\/\/arongalanton.ro\/wp-content\/uploads\/2021\/05\/Aron-a-150x150.jpg 150w\" sizes=\"(max-width: 300px) 100vw, 300px\" \/>\t\t\t\t\t\t\t\t\t\t\t\t\t\t<\/p>\n<p><strong>LAWYER DR. Ivan Mircea ARON<\/strong><br \/>Partner<br \/>+40 744 310 551<br \/><a href=\"mailto:ivan.aron@arongalanton.ro\">ivan.aron@arongalanton.ro<\/a><\/p>\n<p>He is a lawyer with vast professional experience, member of the Arad and Timi\u0219 Bars since 1974 and Doctor of Law since 1997, specializing in international trade law.<\/p>\n<p>In 2002 he founded the company &#8220;Aron, Galanton &amp; Associates&#8221; together with Dr. Mihaela Galanton, lawyer in the Timi\u0219 Bar.<\/p>\n<p>Dr. Ivan Mircea Aron was a foreign and European law consultant as a member of the Szeged Bar, Hungary. He taught at the West University of Timi\u0219oara &#8211; Faculty of Law, Transport Law and Community Institutional Law.<\/p>\n<p><strong>Specializations:<\/strong> European law, tax law, international trade law<\/p>\n<p><strong>Studies<\/strong><\/p>\n<ul>\n<li>Faculty of Law, Babe\u0219-Bolyai University of Cluj-Napoca<\/li>\n<li>Doctor of Law &#8211; specialization in International Trade Law, the title being awarded by Babe\u0219-Bolyai University of Cluj-Napoca<\/li>\n<\/ul>\n<p><strong>Affiliations<\/strong><\/p>\n<ul>\n<li>Member of the Arad Bar during 1974 &#8211; 2002<\/li>\n<li>Member of the Timis Bar since 2002<\/li>\n<\/ul>\n<p><strong>Foreign languages<\/strong><\/p>\n<ul>\n<li>Hungarian;<\/li>\n<li>French;<\/li>\n<li>Italian<\/li>\n<\/ul>\n<p>\t\t\t\t\t\t\t\t\t\t\t\t<img width=\"300\" height=\"300\" src=\"http:\/\/arongalanton.ro\/wp-content\/uploads\/2021\/05\/Galanton-M.jpg\" alt=\"\" loading=\"lazy\" srcset=\"https:\/\/arongalanton.ro\/wp-content\/uploads\/2021\/05\/Galanton-M.jpg 300w, https:\/\/arongalanton.ro\/wp-content\/uploads\/2021\/05\/Galanton-M-150x150.jpg 150w\" sizes=\"(max-width: 300px) 100vw, 300px\" \/>\t\t\t\t\t\t\t\t\t\t\t\t\t\t<\/p>\n<p><strong>LAWYER DR. Mihaela GALANTON<\/strong><br \/>Partner<br \/>+40 744 310 552<br \/><a href=\"mailto:mihaela.galanton@arongalanton.ro\">mihaela.galanton@arongalanton.ro\u200b<\/a><\/p>\n<p>She is a lawyer with extensive legal and academic experience. In 2002, together with Mircea Ivan Aron, she founded the company Aron, Galanton &amp; Associates.<\/p>\n<p><strong>Specializations<\/strong><\/p>\n<p>Dr. Mihaela Galanton specializes in civil law, company law, business law, international trade law, comparative law, administrative and tax litigation, labor law, domestic and international arbitration.<\/p>\n<p><strong>Studies<\/strong><\/p>\n<p>She graduated with a diploma of merit from the Faculty of Law within the Babe\u0219-Bolyai University of Cluj-Napoca. The second bachelor&#8217;s degree was awarded by the Faculty of Commerce within the Bucharest Academy of Economic Studies. She graduated in comparative law courses organized by the International Faculty of Comparative Law in Strasbourg: the first cycle in 1998 (Strasbourg, France), and the second cycle in 1999 (Graz, Austria). In 2000 she obtained the title of Doctor of Law awarded by the University of Bucharest.<\/p>\n<p><strong>Academic activity<\/strong><\/p>\n<p>In the period 1986-1988 she was a teacher at the Faculty of Economic Sciences &#8211; West University of Timi\u0219oara, and from 1994 to 2020 she was a teacher at the Faculty of Law &#8211; West University of Timi\u0219oara, teaching the subjects International Trade Law, Comparative Law and Professional contract law. In the period 1998-2000 he was also a teacher at the Dragan European University, with the teaching discipline of Community Institutional Law.<\/p>\n<p><strong>Scientific papers<\/strong><\/p>\n<p>He participated in numerous scientific symposia domestically and internationally, published articles in specialized journals, as well as monographs &#8220;International Trade Law&#8221; &#8211; Orizonturi Universitare Publishing House, &#8220;Discounts and exemptions from taxes and fees provided by the Fiscal Code&#8221; &#8211; Publishing House Economic Tribune and &#8220;Value Added Tax&#8221; &#8211; CH Publishing House Beck.<\/p>\n<p><strong>Affiliations<\/strong><\/p>\n<ul>\n<li>Member of the Board of Directors of the Arbitration Court attached to the Timi\u0219 Chamber of Commerce, Industry and Agriculture.<\/li>\n<li>Member of the Timi\u0219 Bar<\/li>\n<\/ul>\n<p><strong>Foreign languages<\/strong><\/p>\n<ul>\n<li>French<\/li>\n<li>English<\/li>\n<\/ul>\n<p>\t\t\t\t\t\t\t\t\t\t\t\t<img width=\"300\" height=\"300\" src=\"http:\/\/arongalanton.ro\/wp-content\/uploads\/2021\/05\/Raluca-Olteanu.jpg\" alt=\"\" loading=\"lazy\" srcset=\"https:\/\/arongalanton.ro\/wp-content\/uploads\/2021\/05\/Raluca-Olteanu.jpg 300w, https:\/\/arongalanton.ro\/wp-content\/uploads\/2021\/05\/Raluca-Olteanu-150x150.jpg 150w\" sizes=\"(max-width: 300px) 100vw, 300px\" \/>\t\t\t\t\t\t\t\t\t\t\t\t\t\t<\/p>\n<p><strong>LAWYER Raluca OLTEANU<br \/><\/strong>Lawyer<br \/>+40 256 493 692<br \/><a href=\"mailto:raluca.olteanu@arongalanton.ro\">raluca.olteanu@arongalanton.ro<\/a><\/p>\n<p>Since 2006 she has been a lawyer at SCA Aron, Galanton &amp; Associates.<\/p>\n<p><strong>Specializations<\/strong><\/p>\n<ul>\n<li>labor law<\/li>\n<li>civil law<\/li>\n<li>corporate and commercial law<\/li>\n<li>administrative and fiscal law.<\/li>\n<\/ul>\n<p><strong>Studies:<\/strong> Faculty of Law, West University of Timisoara, Curriculum: Law, class of 2004<\/p>\n<p><strong>Affiliations<\/strong><\/p>\n<ul>\n<li>Member of the Timi\u0219 Bar since 2006<\/li>\n<\/ul>\n<p><strong>Foreign languages<\/strong><\/p>\n<ul>\n<li>English<\/li>\n<\/ul>\n<p>\t\t\t\t\t\t\t\t\t\t\t\t<img width=\"300\" height=\"300\" src=\"http:\/\/arongalanton.ro\/wp-content\/uploads\/2021\/05\/Adriana-Siniteanu.jpg\" alt=\"\" loading=\"lazy\" srcset=\"https:\/\/arongalanton.ro\/wp-content\/uploads\/2021\/05\/Adriana-Siniteanu.jpg 300w, https:\/\/arongalanton.ro\/wp-content\/uploads\/2021\/05\/Adriana-Siniteanu-150x150.jpg 150w\" sizes=\"(max-width: 300px) 100vw, 300px\" \/>\t\t\t\t\t\t\t\t\t\t\t\t\t\t<\/p>\n<p><strong>LAWYER Adriana SINITEANU<\/strong><br \/>Lawyer<br \/>+0742.45.30.74<br \/><a href=\"mailto:adriana.siniteanu@arongalanton.ro\">adriana.siniteanu@arongalanton.ro<\/a><\/p>\n<p><strong>Professional experience<\/strong><\/p>\n<ul>\n<li>2013-present: collaborating lawyer SCA Aron, Galanton &amp; Associates<\/li>\n<\/ul>\n<p><strong>Studies<\/strong><\/p>\n<ul>\n<li><strong>University:<\/strong><\/li>\n<li>Faculty of Law, West University of Timisoara, Curriculum: Law, class of 2012;<\/li>\n<li>Faculty of Law, Universit\u00e0 Degli Studi di Genova, Italy &#8211; Studies in Civil Law, Commercial Law, European Institutional Law, Private International Law and International Tax Law, September 2010 &#8211; March 2011;<\/li>\n<li>Faculty of Letters, History and Theology, West University of Timi\u0219oara, Curriculum: French language and literature &#8211; Italian language and literature, class of 2015;<\/li>\n<li><strong>Graduate<\/strong><\/li>\n<li>Master in Business Law, Faculty of Law, West University of Timisoara, class of 2014;<\/li>\n<li>Facult\u00e9 Internationale de droit compar\u00e9, Universit\u00e9 de Strasbourg, France &#8211; Comparative law studies, Bachelor&#8217;s degree, April 2012 session;<\/li>\n<li>Master in Romance Studies: Cultural and Linguistic (French), Faculty of Letters, History and Theology, West University of Timisoara, class of 2017;<\/li>\n<\/ul>\n<p><strong>Areas of practice \/ competence<\/strong><\/p>\n<ul>\n<li>Civil law: real rights, obligations, special contracts, successions,<\/li>\n<li>Real estate: mortgages, encumbrances and other guarantees, enterprises, litigation issues in the field of construction, real estate claims, land<\/li>\n<li>Company law<\/li>\n<li>Mergers and divisions<\/li>\n<li>Business law and contracts between professionals<\/li>\n<li>European Convention on Human Rights<\/li>\n<li>European business law<\/li>\n<li>International trade law<\/li>\n<li>Insurance law<\/li>\n<li>Enforcement law<\/li>\n<li>Intellectual property law<\/li>\n<li>Domestic and international arbitration<\/li>\n<\/ul>\n<p><strong>Foreign languages<\/strong><\/p>\n<ul>\n<li>Italian<\/li>\n<li>French<\/li>\n<li>English<\/li>\n<\/ul>\n<p><strong>Affiliations<\/strong><\/p>\n<ul>\n<li>Member of the Timi\u0219 Bar since 2013.<\/li>\n<\/ul>\n<p>\t\t\t\t\t\t\t\t\t\t\t\t<img width=\"300\" height=\"300\" src=\"http:\/\/arongalanton.ro\/wp-content\/uploads\/2021\/05\/Mircea-Tarchila.jpg\" alt=\"\" loading=\"lazy\" srcset=\"https:\/\/arongalanton.ro\/wp-content\/uploads\/2021\/05\/Mircea-Tarchila.jpg 300w, https:\/\/arongalanton.ro\/wp-content\/uploads\/2021\/05\/Mircea-Tarchila-150x150.jpg 150w\" sizes=\"(max-width: 300px) 100vw, 300px\" \/>\t\t\t\t\t\t\t\t\t\t\t\t\t\t<\/p>\n<p><strong>DRD. LAWYER Mircea T\u0102RCHIL\u0102\u00a0<\/strong><br \/>Lawyer<br \/>+40 745 253 621<br \/><a href=\"mailto:mircea.tarchila@arongalanton.ro\">mircea.tarchila@arongalanton.ro<\/a><\/p>\n<p><strong>Professional experience<\/strong><\/p>\n<ul>\n<li>2013-present: collaborating lawyer SCA Aron, Galanton &amp; Asocia\u021bii<\/li>\n<\/ul>\n<p><strong>Studies<\/strong><\/p>\n<ul>\n<li><strong>University:<\/strong><\/li>\n<li>Faculty of Law, West University of Timisoara, class of 2012;<\/li>\n<li>Studies in civil law, commercial law, European institutional law and international tax law, Faculty of Law, Universit\u00e0 Degli Studi di Genova, September 2010 &#8211; March 2011;<\/li>\n<li><strong>Graduate:<\/strong><\/li>\n<li>Comparative Law Studies, International Faculty of Comparative Law, University of Strasbourg, April 2012;<\/li>\n<li>Master in Business Law, Faculty of Law, West University of Timisoara, class of 2014;<\/li>\n<li>Since 2017, he holds the quality of doctoral student within the doctoral school of the Faculty of Law, West University of Timi\u0219oara;<\/li>\n<\/ul>\n<p><strong>Areas of practice \/ competence<\/strong><\/p>\n<ul>\n<li>Civil law: aspects of contract law, assistance in negotiating and concluding civil conventions;<\/li>\n<li>Commercial law and contracts between professionals;<\/li>\n<li>Company law;<\/li>\n<li>International trade law;<\/li>\n<li>Banking law;<\/li>\n<li>Enforcement law;<\/li>\n<li>Contravention law;<\/li>\n<li>Administrative litigation;<\/li>\n<li>Tax litigation;<\/li>\n<li>Public Procurement;<\/li>\n<li>European Union law;<\/li>\n<li>Domestic and international arbitration;<\/li>\n<\/ul>\n<p><strong>Affiliations<\/strong><\/p>\n<ul>\n<li>Member of the Timi\u0219 Bar since 2013.<\/li>\n<\/ul>\n<p><strong>Foreign languages<\/strong><\/p>\n<ul>\n<li>English<\/li>\n<li>Italian<\/li>\n<\/ul>\n<p>\t\t\t\t\t\t\t\t\t\t\t\t<img width=\"300\" height=\"300\" src=\"http:\/\/arongalanton.ro\/wp-content\/uploads\/2021\/05\/Raluca-Petolea.jpg\" alt=\"\" loading=\"lazy\" srcset=\"https:\/\/arongalanton.ro\/wp-content\/uploads\/2021\/05\/Raluca-Petolea.jpg 300w, https:\/\/arongalanton.ro\/wp-content\/uploads\/2021\/05\/Raluca-Petolea-150x150.jpg 150w\" sizes=\"(max-width: 300px) 100vw, 300px\" \/>\t\t\t\t\t\t\t\t\t\t\t\t\t\t<\/p>\n<p><strong>LAWYER Ramona Alina PETOLEA<\/strong><br \/>Collaborating Lawyer<br \/>+40 744 316 961<br \/><a href=\"mailto:ramona.petolea@gmail.com\">ramona.petolea@gmail.com<\/a><\/p>\n<p>Since 2011 she has been a <strong>collaborating lawyer<\/strong> of SCA<\/p>\n<p><strong>Professional experience<\/strong><\/p>\n<ul>\n<li>2011 &#8211; present: collaborating lawyer SCA Aron, Galanton &amp; Associates<\/li>\n<li>2013 &#8211; present: mediator<\/li>\n<\/ul>\n<p><strong>University studies<\/strong><\/p>\n<ul>\n<li>Faculty of Law, West University of Timisoara, Curriculum: Law, class of 2010;<\/li>\n<\/ul>\n<p><strong>Postgraduate studies<\/strong><\/p>\n<ul>\n<li>Master in &#8220;Judicial Career&#8221;, Faculty of Law, West University of Timisoara, class of 2012;<\/li>\n<li>Mediator training course &#8211; Mediation Council, Faculty of Law, West University of Timi\u015foara, April 2013;<\/li>\n<li>Psycho-Pedagogy Module, Level I and II, Faculty of Social Sciences, \u201cEftimie Murgu\u201d University of Resita, 2010 &#8211; 2011;<\/li>\n<\/ul>\n<p><strong>Areas of practice \/ competence<\/strong><\/p>\n<ul>\n<li>Commercial law, insolvency and bankruptcy<\/li>\n<li>Company law<\/li>\n<li>Associations and foundations<\/li>\n<li>Family law<\/li>\n<\/ul>\n<p><strong>Foreign languages<\/strong><\/p>\n<ul>\n<li>French<\/li>\n<li>English<\/li>\n<\/ul>\n<p><strong>Affiliations<\/strong><\/p>\n<ul>\n<li>Member of the Timi\u0219 Bar since 2011.<\/li>\n<\/ul>\n<p>\t\t\t\t\t\t\t\t\t\t\t\t<img width=\"300\" height=\"300\" src=\"http:\/\/arongalanton.ro\/wp-content\/uploads\/2022\/07\/Roxana-Murariu.jpg\" alt=\"\" loading=\"lazy\" srcset=\"https:\/\/arongalanton.ro\/wp-content\/uploads\/2022\/07\/Roxana-Murariu.jpg 300w, https:\/\/arongalanton.ro\/wp-content\/uploads\/2022\/07\/Roxana-Murariu-150x150.jpg 150w\" sizes=\"(max-width: 300px) 100vw, 300px\" \/>\t\t\t\t\t\t\t\t\t\t\t\t\t\t<\/p>\n<p><strong>LAWYER Roxana MURARIU<\/strong><br \/>Collaborating Lawyer<br \/>+40 723 577 487<br \/><a href=\"mailto:roxana.murariu@arongalanton.ro\">roxana.murariu@arongalanton.ro<\/a><\/p>\n<p>Since 2022 she has been a <strong>collaborating lawyer<\/strong> of SCA<\/p>\n<p><strong>Professional experience<\/strong><\/p>\n<ul>\n<li>2013 &#8211; 2017: collaborating lawyer SCPA\u00a0 TELBISZ &amp; ASSOCIATES<\/li>\n<li>2017 &#8211; 2020: collaborating lawyer SCPA\u00a0 TELBISZ &amp; ASSOCIATES<\/li>\n<li>2022 &#8211; present: collaborating lawyer SCA ARON, GALANTON &amp; ASSOCIATES<\/li>\n<\/ul>\n<p><strong>University studies<\/strong><\/p>\n<ul>\n<li>Faculty of Law, West University of Timisoara, Curriculum: Law, class of 2012;<\/li>\n<li>Faculty of Law, Universita degli Studi di Milano, Italy, Civil Law Studies, september 2010 &#8211; march 2011.<\/li>\n<\/ul>\n<p><strong>Postgraduate studies<\/strong><\/p>\n<ul>\n<li>Master in &#8220;Business Law&#8221;, Faculty of Law, West University of Timisoara, class of 2015;<\/li>\n<\/ul>\n<p><strong>Areas of practice \/ competence<\/strong><\/p>\n<ul>\n<li>Civil Law: real rights, obligations, special contracts, successions, family law,<\/li>\n<li>Business Law and professional contracts,<\/li>\n<li>E.D.O.,<\/li>\n<li>Insurance Law &#8211; obtaining civil compensations for damages and material damage, for persons wronged following road accidents, from insurance companies or Fondul de Garantare al Asigura\u021bilor,<\/li>\n<li>Enforcement Law,<\/li>\n<li>Administrative Litigation Law,<\/li>\n<li>Labor Law litigations.<\/li>\n<\/ul>\n<p><strong>Foreign languages<\/strong><\/p>\n<ul>\n<li>English<\/li>\n<li>Italian<\/li>\n<\/ul>\n<p><strong>Affiliations<\/strong><\/p>\n<ul>\n<li>Member of the Timi\u0219 Bar since 2013.<\/li>\n<\/ul>\n","protected":false},"excerpt":{"rendered":"<p>Our legal services cover the full spectrum of business activity and litigation. The company is recognized as a leader in&hellip;<\/p>\n","protected":false},"author":1,"featured_media":0,"parent":0,"menu_order":0,"comment_status":"closed","ping_status":"closed","template":"elementor_header_footer","meta":[],"translation":{"provider":"WPGlobus","version":"2.7.3","language":"en","enabled_languages":["ro","en"],"languages":{"ro":{"title":true,"content":true,"excerpt":false},"en":{"title":true,"content":true,"excerpt":false}}},"_links":{"self":[{"href":"http:\/\/arongalanton.ro\/en\/wp-json\/wp\/v2\/pages\/19"}],"collection":[{"href":"http:\/\/arongalanton.ro\/en\/wp-json\/wp\/v2\/pages"}],"about":[{"href":"http:\/\/arongalanton.ro\/en\/wp-json\/wp\/v2\/types\/page"}],"author":[{"embeddable":true,"href":"http:\/\/arongalanton.ro\/en\/wp-json\/wp\/v2\/users\/1"}],"replies":[{"embeddable":true,"href":"http:\/\/arongalanton.ro\/en\/wp-json\/wp\/v2\/comments?post=19"}],"version-history":[{"count":41,"href":"http:\/\/arongalanton.ro\/en\/wp-json\/wp\/v2\/pages\/19\/revisions"}],"predecessor-version":[{"id":11803,"href":"http:\/\/arongalanton.ro\/en\/wp-json\/wp\/v2\/pages\/19\/revisions\/11803"}],"wp:attachment":[{"href":"http:\/\/arongalanton.ro\/en\/wp-json\/wp\/v2\/media?parent=19"}],"curies":[{"name":"wp","href":"https:\/\/api.w.org\/{rel}","templated":true}]}}